{"id":75,"date":"2023-12-13T00:42:48","date_gmt":"2023-12-12T23:42:48","guid":{"rendered":"https:\/\/www.pferde-energiearbeit.com\/?page_id=75"},"modified":"2024-08-19T21:28:38","modified_gmt":"2024-08-19T19:28:38","slug":"pferde-energiearbeit-jan-design","status":"publish","type":"page","link":"https:\/\/www.pferde-energiearbeit.com\/","title":{"rendered":"Pferde Energiearbeit Homepage"},"content":{"rendered":"<div class=\"fusion-fullwidth fullwidth-box fusion-builder-row-1 fusion-flex-container has-pattern-background has-mask-background nonhundred-percent-fullwidth non-hundred-percent-height-scrolling\" style=\"--awb-border-radius-top-left:0px;--awb-border-radius-top-right:0px;--awb-border-radius-bottom-right:0px;--awb-border-radius-bottom-left:0px;--awb-flex-wrap:wrap;\" ><div class=\"fusion-builder-row fusion-row fusion-flex-align-items-flex-start fusion-flex-content-wrap\" style=\"max-width:1248px;margin-left: calc(-4% \/ 2 );margin-right: calc(-4% \/ 2 );\"><div class=\"fusion-layout-column fusion_builder_column fusion-builder-column-0 fusion_builder_column_1_1 1_1 fusion-flex-column\" style=\"--awb-bg-size:cover;--awb-width-large:100%;--awb-margin-top-large:0px;--awb-spacing-right-large:1.92%;--awb-margin-bottom-large:20px;--awb-spacing-left-large:1.92%;--awb-width-medium:100%;--awb-order-medium:0;--awb-spacing-right-medium:1.92%;--awb-spacing-left-medium:1.92%;--awb-width-small:100%;--awb-order-small:0;--awb-spacing-right-small:1.92%;--awb-spacing-left-small:1.92%;\"><div class=\"fusion-column-wrapper fusion-column-has-shadow fusion-flex-justify-content-flex-start fusion-content-layout-column\"><center><h1>Pferde Energie<div id=\"HomepageTitelFront\">arbeit<\/div><\/h1><\/center><div class=\"fusion-title title fusion-title-1 fusion-sep-none fusion-title-center fusion-title-text fusion-title-size-three\" style=\"--awb-margin-top:-20px;\"><h3 class=\"fusion-title-heading title-heading-center\" style=\"margin:0;\">Die Schwingung von Gesund!<\/h3><\/div><div class=\"fusion-text fusion-text-1\" style=\"--awb-content-alignment:center;--awb-text-transform:uppercase;--awb-margin-top:-10px;\"><p>F\u00fcr kranke, blockierte oder traumatisierte Pferde.<br \/>\nUrsachen finden, Probleme l\u00f6sen, Heilungsprozess unterst\u00fctzen.<br \/>\nFeinstofflich.<\/p>\n<\/div><div class=\"fusion-separator fusion-full-width-sep\" style=\"align-self: center;margin-left: auto;margin-right: auto;margin-top:12px;margin-bottom:10px;width:100%;\"><\/div><div class=\"fusion-separator fusion-full-width-sep\" style=\"align-self: center;margin-left: auto;margin-right: auto;margin-top:12px;margin-bottom:10px;width:100%;\"><\/div><div class=\"fusion-builder-row fusion-builder-row-inner fusion-row fusion-flex-align-items-flex-start fusion-flex-content-wrap\" style=\"width:104% !important;max-width:104% !important;margin-left: calc(-4% \/ 2 );margin-right: calc(-4% \/ 2 );\"><div class=\"fusion-layout-column fusion_builder_column_inner fusion-builder-nested-column-0 fusion_builder_column_inner_1_2 1_2 fusion-flex-column\" style=\"--awb-bg-size:cover;--awb-width-large:50%;--awb-margin-top-large:0px;--awb-spacing-right-large:3.84%;--awb-margin-bottom-large:20px;--awb-spacing-left-large:3.84%;--awb-width-medium:50%;--awb-order-medium:0;--awb-spacing-right-medium:3.84%;--awb-spacing-left-medium:3.84%;--awb-width-small:100%;--awb-order-small:0;--awb-spacing-right-small:1.92%;--awb-spacing-left-small:1.92%;\"><div class=\"fusion-column-wrapper fusion-column-has-shadow fusion-flex-justify-content-flex-start fusion-content-layout-column\"><div class=\"fusion-title title fusion-title-2 fusion-sep-none fusion-title-text fusion-title-size-three\"><h3 class=\"fusion-title-heading title-heading-left\" style=\"margin:0;\">Herzlich willkommen,<\/h3><\/div><div class=\"fusion-text fusion-text-2\"><p>bei meiner Pferde-Energiearbeit \u2013 deiner Spezialistin f\u00fcr kranke, blockierte oder traumatisierte Pferde. Wir suchen gemeinsam nach Ursachen, l\u00f6sen Probleme und unterst\u00fctzen den Heilungsprozess deines Pferdes auf feinstofflicher Ebene.<\/p>\n<p>Unsere Webseite ist noch im Aufbau, dabei m\u00f6chten wir dir JETZT die Gelegenheit geben, uns kennenzulernen. Entdecke unseren besonderen Tipp und wie wir dich und dein Pferd feinstofflich unterst\u00fctzen k\u00f6nnen!<\/p>\n<\/div><\/div><\/div><div class=\"fusion-layout-column fusion_builder_column_inner fusion-builder-nested-column-1 fusion_builder_column_inner_1_2 1_2 fusion-flex-column\" style=\"--awb-bg-size:cover;--awb-width-large:50%;--awb-margin-top-large:0px;--awb-spacing-right-large:3.84%;--awb-margin-bottom-large:20px;--awb-spacing-left-large:3.84%;--awb-width-medium:50%;--awb-order-medium:0;--awb-spacing-right-medium:3.84%;--awb-spacing-left-medium:3.84%;--awb-width-small:100%;--awb-order-small:0;--awb-spacing-right-small:1.92%;--awb-spacing-left-small:1.92%;\"><div class=\"fusion-column-wrapper fusion-column-has-shadow fusion-flex-justify-content-flex-start fusion-content-layout-column\"><div class=\"fusion-video fusion-selfhosted-video\" style=\"max-width:100%;\"><div class=\"video-wrapper\"><video playsinline=\"true\" width=\"100%\" style=\"object-fit: cover;\" muted=\"true\" loop=\"true\" preload=\"auto\" controls=\"1\"><source src=\"http:\/\/www.pferde-energiearbeit.com\/wp-content\/uploads\/2023\/12\/Ein%20himmlisches%20Vergn%FCgen%20f%FCr%20Dein%20Pferd.mp4\" type=\"video\/mp4\">Sorry, your browser doesn&#039;t support embedded videos.<\/video><\/div><\/div><\/div><\/div><\/div><div class=\"fusion-separator fusion-full-width-sep\" style=\"align-self: center;margin-left: auto;margin-right: auto;margin-top:20px;margin-bottom:10px;width:100%;\"><\/div><div class=\"fusion-separator fusion-full-width-sep\" style=\"align-self: center;margin-left: auto;margin-right: auto;margin-top:20px;margin-bottom:10px;width:100%;\"><\/div><div class=\"fusion-title title fusion-title-3 fusion-sep-none fusion-title-text fusion-title-size-three\"><h3 class=\"fusion-title-heading title-heading-left\" style=\"margin:0;\">Informiere dich jetzt:<\/h3><\/div><div class=\"fusion-text fusion-text-3\"><p>Hast Du schon viel versucht, jedoch die wahre Ursache des Symptoms von Deinem Pferd noch nicht herausgefunden?<br \/>\nBuche Dir gleich Dein kostenfreies Infogespr\u00e4ch!<br \/>\nDu erf\u00e4hrst:<\/p>\n<\/div><ul style=\"--awb-margin-top:-8px;--awb-line-height:27.2px;--awb-icon-width:27.2px;--awb-icon-height:27.2px;--awb-icon-margin:11.2px;--awb-content-margin:38.4px;--awb-circlecolor:var(--awb-color5);--awb-circle-yes-font-size:14.08px;\" class=\"fusion-checklist fusion-checklist-1 fusion-checklist-default type-icons\"><li class=\"fusion-li-item\" style=\"\"><span class=\"icon-wrapper circle-yes\"><i class=\"fusion-li-icon awb-icon-check\" aria-hidden=\"true\"><\/i><\/span><div class=\"fusion-li-item-content\">\n<p class=\"p1\"><span class=\"s1\">Wer ich bin und wie meine Arbeitsweise ist.<\/span><\/p>\n<\/div><\/li><li class=\"fusion-li-item\" style=\"\"><span class=\"icon-wrapper circle-yes\"><i class=\"fusion-li-icon awb-icon-check\" aria-hidden=\"true\"><\/i><\/span><div class=\"fusion-li-item-content\">\n<p class=\"p1\"><span class=\"s1\">Welches Angebot von mir f\u00fcr Dein Pferd am besten ist.<br \/>\n<\/span><\/p>\n<\/div><\/li><li class=\"fusion-li-item\" style=\"\"><span class=\"icon-wrapper circle-yes\"><i class=\"fusion-li-icon awb-icon-check\" aria-hidden=\"true\"><\/i><\/span><div class=\"fusion-li-item-content\">\n<p class=\"p1\"><span class=\"s1\">Wie Du selbst lernen kannst, Dein Pferd in Sachen Gesundheit dauerhaft zu unterst\u00fctzen.<br \/>\n<\/span><\/p>\n<\/div><\/li><\/ul><div class=\"fusion-separator fusion-full-width-sep\" style=\"align-self: center;margin-left: auto;margin-right: auto;margin-top:10px;margin-bottom:10px;width:100%;\"><\/div><div class=\"fusion-title title fusion-title-4 fusion-sep-none fusion-title-text fusion-title-size-three\"><h3 class=\"fusion-title-heading title-heading-left\" style=\"margin:0;\">Kontakt:<\/h3><\/div><div class=\"fusion-form fusion-form-builder fusion-form-form-wrapper fusion-form-20\" style=\"--awb-tooltip-text-color:#ffffff;--awb-tooltip-background-color:#333333;\" data-form-id=\"20\" data-config=\"{&quot;form_id&quot;:&quot;20&quot;,&quot;form_post_id&quot;:&quot;20&quot;,&quot;post_id&quot;:75,&quot;form_type&quot;:&quot;ajax&quot;,&quot;confirmation_type&quot;:&quot;message&quot;,&quot;redirect_url&quot;:&quot;&quot;,&quot;field_labels&quot;:{&quot;E-Mail&quot;:&quot;E-Mail&quot;,&quot;Name&quot;:&quot;Name&quot;,&quot;DeineAnfrage&quot;:&quot;Deine Anfrage:&quot;,&quot;&quot;:&quot;&quot;},&quot;field_logics&quot;:{&quot;E-Mail&quot;:&quot;&quot;,&quot;Name&quot;:&quot;&quot;,&quot;DeineAnfrage&quot;:&quot;&quot;,&quot;&quot;:&quot;&quot;},&quot;field_types&quot;:{&quot;E-Mail&quot;:&quot;email&quot;,&quot;Name&quot;:&quot;text&quot;,&quot;DeineAnfrage&quot;:&quot;textarea&quot;,&quot;&quot;:&quot;checkbox&quot;,&quot;submit_1&quot;:&quot;submit&quot;},&quot;nonce_method&quot;:&quot;ajax&quot;}\"><form action=\"https:\/\/www.pferde-energiearbeit.com\/\" method=\"post\" class=\"fusion-form fusion-form-20\"><div class=\"fusion-fullwidth fullwidth-box fusion-builder-row-1-1 fusion-flex-container has-pattern-background has-mask-background nonhundred-percent-fullwidth non-hundred-percent-height-scrolling\" style=\"--awb-border-radius-top-left:0px;--awb-border-radius-top-right:0px;--awb-border-radius-bottom-right:0px;--awb-border-radius-bottom-left:0px;--awb-flex-wrap:wrap;\" ><div class=\"fusion-builder-row fusion-row fusion-flex-align-items-flex-start fusion-flex-content-wrap\" style=\"width:104% !important;max-width:104% !important;margin-left: calc(-4% \/ 2 );margin-right: calc(-4% \/ 2 );\"><div class=\"fusion-layout-column fusion_builder_column fusion-builder-column-1 fusion_builder_column_1_1 1_1 fusion-flex-column\" style=\"--awb-bg-size:cover;--awb-width-large:100%;--awb-margin-top-large:0px;--awb-spacing-right-large:1.92%;--awb-margin-bottom-large:20px;--awb-spacing-left-large:1.92%;--awb-width-medium:100%;--awb-order-medium:0;--awb-spacing-right-medium:1.92%;--awb-spacing-left-medium:1.92%;--awb-width-small:100%;--awb-order-small:0;--awb-spacing-right-small:1.92%;--awb-spacing-left-small:1.92%;\"><div class=\"fusion-column-wrapper fusion-column-has-shadow fusion-flex-justify-content-flex-start fusion-content-layout-column\"><div class=\"fusion-form-field fusion-form-email-field fusion-form-label-above\" style=\"\" data-form-id=\"20\"><div class=\"fusion-form-label-wrapper\"><label for=\"E-Mail\">E-Mail <abbr class=\"fusion-form-element-required\" title=\"required\">*<\/abbr><\/label><\/div><input type=\"email\" name=\"E-Mail\" id=\"E-Mail\" value=\"\"  class=\"fusion-form-input\" required=\"true\" aria-required=\"true\" data-holds-private-data=\"false\"\/><\/div><div class=\"fusion-form-field fusion-form-text-field fusion-form-label-above\" style=\"\" data-form-id=\"20\"><div class=\"fusion-form-label-wrapper\"><label for=\"Name\">Name<\/label><\/div><input type=\"text\" name=\"Name\" id=\"Name\" value=\"\"  class=\"fusion-form-input\" data-holds-private-data=\"false\" minlength=\"0\"\/><\/div><div class=\"fusion-form-field fusion-form-textarea-field fusion-form-label-above\" style=\"\" data-form-id=\"20\"><label for=\"DeineAnfrage\">Deine Anfrage:<\/label><textarea cols=\"40\"  minlength=\"0\"  rows=\"4\" tabindex=\"\" id=\"DeineAnfrage\" name=\"DeineAnfrage\" class=\"fusion-form-input\" data-holds-private-data=\"false\"><\/textarea><\/div><div class=\"fusion-form-field fusion-form-checkbox-field fusion-form-label-above\" style=\"\" data-form-id=\"20\"><fieldset><div class=\"fusion-form-checkbox\"><input tabindex=\"\" id=\"checkbox--1-0\" type=\"checkbox\" value=\"Ich m\u00f6chte Newsletter von der Pferde Energiearbeit erhalten.\" name=\"[]\" class=\"fusion-form-input\" required=\"true\" aria-required=\"true\" data-holds-private-data=\"false\"\/><label for=\"checkbox--1-0\">Ich m\u00f6chte Newsletter von der Pferde Energiearbeit erhalten.<\/label><\/div><div class=\"fusion-form-checkbox\"><input tabindex=\"\" id=\"checkbox--1-1\" type=\"checkbox\" value=\"Ich bin mit der Datenschutzerkl\u00e4rung einverstanden.\" name=\"[]\" class=\"fusion-form-input\" required=\"true\" aria-required=\"true\" data-holds-private-data=\"false\"\/><label for=\"checkbox--1-1\">Ich bin mit der Datenschutzerkl\u00e4rung einverstanden.<\/label><\/div><\/fieldset><\/div><div class=\"fusion-form-field fusion-form-submit-field fusion-form-label-above\" style=\"\" data-form-id=\"20\"><div ><button type=\"submit\" class=\"fusion-button button-flat fusion-button-default-size button-default fusion-button-default button-1 fusion-button-default-span  form-form-submit button-default\" data-form-number=\"20\" tabindex=\"\"><span class=\"fusion-button-text\">Jetzt kontaktieren<\/span><\/button><\/div><\/div><\/div><\/div><\/div><\/div><\/form><\/div><div class=\"fusion-title title fusion-title-5 fusion-sep-none fusion-title-text fusion-title-size-three\"><h3 class=\"fusion-title-heading title-heading-left\" style=\"margin:0;\">Mein tierisches Team &amp; ich<\/h3><\/div><div class=\"fusion-text fusion-text-4\"><p><b>Hast du ein akutes Problem mit deinem Pferd, das du aufl\u00f6sen m\u00f6chtest?<br \/>\n<\/b>Auf der energetischen Ebene stehe ich gerne zur Seite. Ich bin Stefanie Hegmann-Celie, spezialisiert auf feinstoffliche Aspekte rund um Pferde.<\/p>\n<p><strong>Glaubst Du auch wie ich daran,<\/strong><br \/>\n&#8230;dass Ursachen das eigentliche Geschehen pr\u00e4gen?<br \/>\n&#8230;dass Symptome wie Lahmen, Atemwegserkrankungen oder Koliken bis hin zu Verhaltensauff\u00e4lligkeiten beim Pferd lediglich Resultate sind?<\/p>\n<p>\u00dcber die letzten 10 Jahre haben meine Kunden und mein &#8218;tierisches Team&#8216; mich gelehrt,<br \/>\ndass viele Ursachen auf der energetischen Ebene entstehen.<br \/>\nDaraus ist meine Mission entstanden, das \u201eUnsichtbare\u201c &#8211; das, was wir sp\u00fcren aber nicht sehen k\u00f6nnen &#8211; sichtbar zu machen.<\/p>\n<p>Meine<b> Treffsicherheit <\/b>dabei, rasch die wahre Ursache von Problemen zu f\u00fchlen,<br \/>\nbietet einen klaren und effizienten Weg zur L\u00f6sung sowie nachhaltige Ergebnisse<br \/>\nf\u00fcr das Wohlbefinden deines Pferdes.<br \/>\nLass uns gemeinsam an der Wurzel ansetzen, um das Beste f\u00fcr dein Pferd zu erreichen.<\/p>\n<p><b>Wir freuen uns darauf, euch kennenzulernen!<\/b><\/p>\n<\/div><div class=\"fusion-builder-row fusion-builder-row-inner fusion-row fusion-flex-align-items-flex-start fusion-flex-content-wrap\" style=\"width:104% !important;max-width:104% !important;margin-left: calc(-4% \/ 2 );margin-right: calc(-4% \/ 2 );\"><div class=\"fusion-layout-column fusion_builder_column_inner fusion-builder-nested-column-2 fusion_builder_column_inner_1_4 1_4 fusion-flex-column\" style=\"--awb-bg-size:cover;--awb-width-large:25%;--awb-margin-top-large:0px;--awb-spacing-right-large:7.68%;--awb-margin-bottom-large:20px;--awb-spacing-left-large:7.68%;--awb-width-medium:25%;--awb-order-medium:0;--awb-spacing-right-medium:7.68%;--awb-spacing-left-medium:7.68%;--awb-width-small:100%;--awb-order-small:0;--awb-spacing-right-small:1.92%;--awb-spacing-left-small:1.92%;\"><div class=\"fusion-column-wrapper fusion-column-has-shadow fusion-flex-justify-content-flex-start fusion-content-layout-column\"><div class=\"fusion-image-element \" style=\"--awb-caption-title-font-family:var(--h2_typography-font-family);--awb-caption-title-font-weight:var(--h2_typography-font-weight);--awb-caption-title-font-style:var(--h2_typography-font-style);--awb-caption-title-size:var(--h2_typography-font-size);--awb-caption-title-transform:var(--h2_typography-text-transform);--awb-caption-title-line-height:var(--h2_typography-line-height);--awb-caption-title-letter-spacing:var(--h2_typography-letter-spacing);\"><span class=\" fusion-imageframe imageframe-none imageframe-1 hover-type-none\"><img decoding=\"async\" width=\"158\" height=\"300\" title=\"Stepman\" src=\"http:\/\/www.pferde-energiearbeit.com\/wp-content\/uploads\/2023\/12\/Stepman-158x300.png\" alt class=\"img-responsive wp-image-118\" srcset=\"https:\/\/www.pferde-energiearbeit.com\/wp-content\/uploads\/2023\/12\/Stepman-200x380.png 200w, https:\/\/www.pferde-energiearbeit.com\/wp-content\/uploads\/2023\/12\/Stepman.png 202w\" sizes=\"(max-width: 640px) 100vw, 158px\" \/><\/span><\/div><div class=\"fusion-text fusion-text-5\"><p>Stepman<\/p>\n<\/div><\/div><\/div><div class=\"fusion-layout-column fusion_builder_column_inner fusion-builder-nested-column-3 fusion_builder_column_inner_1_4 1_4 fusion-flex-column\" style=\"--awb-bg-size:cover;--awb-width-large:25%;--awb-margin-top-large:0px;--awb-spacing-right-large:7.68%;--awb-margin-bottom-large:20px;--awb-spacing-left-large:7.68%;--awb-width-medium:25%;--awb-order-medium:0;--awb-spacing-right-medium:7.68%;--awb-spacing-left-medium:7.68%;--awb-width-small:100%;--awb-order-small:0;--awb-spacing-right-small:1.92%;--awb-spacing-left-small:1.92%;\"><div class=\"fusion-column-wrapper fusion-column-has-shadow fusion-flex-justify-content-flex-start fusion-content-layout-column\"><div class=\"fusion-image-element \" style=\"--awb-caption-title-font-family:var(--h2_typography-font-family);--awb-caption-title-font-weight:var(--h2_typography-font-weight);--awb-caption-title-font-style:var(--h2_typography-font-style);--awb-caption-title-size:var(--h2_typography-font-size);--awb-caption-title-transform:var(--h2_typography-text-transform);--awb-caption-title-line-height:var(--h2_typography-line-height);--awb-caption-title-letter-spacing:var(--h2_typography-letter-spacing);\"><span class=\" fusion-imageframe imageframe-none imageframe-2 hover-type-none\"><img decoding=\"async\" width=\"160\" height=\"295\" title=\"Emma\" src=\"http:\/\/www.pferde-energiearbeit.com\/wp-content\/uploads\/2023\/12\/Emma.png\" alt class=\"img-responsive wp-image-117\"\/><\/span><\/div><div class=\"fusion-text fusion-text-6\"><p>Emma<\/p>\n<\/div><\/div><\/div><div class=\"fusion-layout-column fusion_builder_column_inner fusion-builder-nested-column-4 fusion_builder_column_inner_1_2 1_2 fusion-flex-column\" style=\"--awb-bg-size:cover;--awb-width-large:50%;--awb-margin-top-large:0px;--awb-spacing-right-large:3.84%;--awb-margin-bottom-large:20px;--awb-spacing-left-large:3.84%;--awb-width-medium:50%;--awb-order-medium:0;--awb-spacing-right-medium:3.84%;--awb-spacing-left-medium:3.84%;--awb-width-small:100%;--awb-order-small:0;--awb-spacing-right-small:1.92%;--awb-spacing-left-small:1.92%;\"><div class=\"fusion-column-wrapper fusion-column-has-shadow fusion-flex-justify-content-flex-start fusion-content-layout-column\"><div class=\"fusion-image-element \" style=\"--awb-aspect-ratio:2 \/ 1;--awb-caption-title-font-family:var(--h2_typography-font-family);--awb-caption-title-font-weight:var(--h2_typography-font-weight);--awb-caption-title-font-style:var(--h2_typography-font-style);--awb-caption-title-size:var(--h2_typography-font-size);--awb-caption-title-transform:var(--h2_typography-text-transform);--awb-caption-title-line-height:var(--h2_typography-line-height);--awb-caption-title-letter-spacing:var(--h2_typography-letter-spacing);\"><span class=\" fusion-imageframe imageframe-none imageframe-3 hover-type-none has-aspect-ratio\"><img decoding=\"async\" width=\"300\" height=\"200\" title=\"Stefanie Hegmann\" src=\"http:\/\/www.pferde-energiearbeit.com\/wp-content\/uploads\/2023\/12\/Stefanie-Hegmann-Export-225-von-585-300x200.jpg\" class=\"img-responsive wp-image-9 img-with-aspect-ratio\" alt srcset=\"https:\/\/www.pferde-energiearbeit.com\/wp-content\/uploads\/2023\/12\/Stefanie-Hegmann-Export-225-von-585-200x133.jpg 200w, https:\/\/www.pferde-energiearbeit.com\/wp-content\/uploads\/2023\/12\/Stefanie-Hegmann-Export-225-von-585-400x267.jpg 400w, https:\/\/www.pferde-energiearbeit.com\/wp-content\/uploads\/2023\/12\/Stefanie-Hegmann-Export-225-von-585-600x400.jpg 600w, https:\/\/www.pferde-energiearbeit.com\/wp-content\/uploads\/2023\/12\/Stefanie-Hegmann-Export-225-von-585-800x533.jpg 800w, https:\/\/www.pferde-energiearbeit.com\/wp-content\/uploads\/2023\/12\/Stefanie-Hegmann-Export-225-von-585-1200x800.jpg 1200w, https:\/\/www.pferde-energiearbeit.com\/wp-content\/uploads\/2023\/12\/Stefanie-Hegmann-Export-225-von-585-scaled.jpg 2560w\" sizes=\"(max-width: 640px) 100vw, 600px\" \/><\/span><\/div><div class=\"fusion-text fusion-text-7\"><p class=\"p1\"><span class=\"s1\">Stefanie Hegmann-Celie<\/span><\/p>\n<\/div><\/div><\/div><\/div><div class=\"fusion-separator fusion-full-width-sep\" style=\"align-self: center;margin-left: auto;margin-right: auto;margin-top:10px;margin-bottom:10px;width:100%;\"><\/div><\/div><\/div><\/div><\/div>\n","protected":false},"excerpt":{"rendered":"","protected":false},"author":1,"featured_media":0,"parent":0,"menu_order":0,"comment_status":"closed","ping_status":"closed","template":"100-width.php","meta":{"footnotes":""},"class_list":["post-75","page","type-page","status-publish","hentry"],"_links":{"self":[{"href":"https:\/\/www.pferde-energiearbeit.com\/index.php?rest_route=\/wp\/v2\/pages\/75","targetHints":{"allow":["GET"]}}],"collection":[{"href":"https:\/\/www.pferde-energiearbeit.com\/index.php?rest_route=\/wp\/v2\/pages"}],"about":[{"href":"https:\/\/www.pferde-energiearbeit.com\/index.php?rest_route=\/wp\/v2\/types\/page"}],"author":[{"embeddable":true,"href":"https:\/\/www.pferde-energiearbeit.com\/index.php?rest_route=\/wp\/v2\/users\/1"}],"replies":[{"embeddable":true,"href":"https:\/\/www.pferde-energiearbeit.com\/index.php?rest_route=%2Fwp%2Fv2%2Fcomments&post=75"}],"version-history":[{"count":71,"href":"https:\/\/www.pferde-energiearbeit.com\/index.php?rest_route=\/wp\/v2\/pages\/75\/revisions"}],"predecessor-version":[{"id":180,"href":"https:\/\/www.pferde-energiearbeit.com\/index.php?rest_route=\/wp\/v2\/pages\/75\/revisions\/180"}],"wp:attachment":[{"href":"https:\/\/www.pferde-energiearbeit.com\/index.php?rest_route=%2Fwp%2Fv2%2Fmedia&parent=75"}],"curies":[{"name":"wp","href":"https:\/\/api.w.org\/{rel}","templated":true}]}}